{"id":121,"date":"2021-10-05T05:21:59","date_gmt":"2021-10-05T02:21:59","guid":{"rendered":"https:\/\/ortodoksisto.tyonalla.fi\/?page_id=121"},"modified":"2023-02-09T16:15:38","modified_gmt":"2023-02-09T14:15:38","slug":"kyrkohistoria","status":"publish","type":"page","link":"https:\/\/ortodoksisto.fi\/sv\/kyrkohistoria\/","title":{"rendered":"Kyrkohistoria"},"content":{"rendered":"\n<h3 class=\"wp-block-heading\">Kyrkans historia  <\/h3>\n\n\n\n<p><strong>Kyrkohistoria handlar om kristendomens och kyrkans historia och nutid. P\u00e5 den h\u00e4r webbplatsen ses saker ur ortodox synvinkel. <\/strong>&nbsp;<\/p>\n\n\n\n<div class=\"wp-block-columns is-layout-flex wp-container-core-columns-is-layout-9d6595d7 wp-block-columns-is-layout-flex\">\n<div class=\"wp-block-column is-layout-flow wp-block-column-is-layout-flow\" style=\"flex-basis:50%\">\n<figure class=\"wp-block-image size-large\"><img decoding=\"async\" width=\"1024\" height=\"768\" src=\"https:\/\/ortodoksisto.fi\/wp-content\/uploads\/2021\/11\/christ-1024x768.jpg\" alt=\"\" class=\"wp-image-3018\" srcset=\"https:\/\/ortodoksisto.fi\/wp-content\/uploads\/2021\/11\/christ-1024x768.jpg 1024w, https:\/\/ortodoksisto.fi\/wp-content\/uploads\/2021\/11\/christ-300x225.jpg 300w, https:\/\/ortodoksisto.fi\/wp-content\/uploads\/2021\/11\/christ-768x576.jpg 768w, https:\/\/ortodoksisto.fi\/wp-content\/uploads\/2021\/11\/christ-1536x1152.jpg 1536w, https:\/\/ortodoksisto.fi\/wp-content\/uploads\/2021\/11\/christ.jpg 1920w\" sizes=\"(max-width: 1024px) 100vw, 1024px\" \/><figcaption class=\"wp-element-caption\">Kristusmosaik i Hagia Sofia, Konstantinopel <\/figcaption><\/figure>\n<\/div>\n\n\n\n<div class=\"wp-block-column is-layout-flow wp-block-column-is-layout-flow\" style=\"flex-basis:50%\">\n<p>Vi s\u00f6ker svar p\u00e5 fr\u00e5gor: &nbsp;<\/p>\n\n\n\n<ul class=\"wp-block-list\">\n<li>Hur har kristendomen format sin l\u00e4ra? Vilka \u00e4r kyrkans t\u00e4nkare och l\u00e4rare? Hur manifesterar sig kristendomen vid olika tidpunkter och p\u00e5 olika platser? &nbsp;<\/li>\n\n\n\n<li>Vad \u00e4r den ortodoxa kyrkan? Vilken typ av lokala kyrkor tillh\u00f6r de ekumeniska och apostoliska ortodoxa kyrkorna? Vad \u00e4r den finska ortodoxa kyrkans historia? &nbsp;<\/li>\n\n\n\n<li>Hur organiseras den ortodoxa kyrkan i Finland som en del av samh\u00e4llet? &nbsp;<\/li>\n\n\n\n<li>Vilka andra kyrkor och kristna r\u00f6relser finns det i Finland och i v\u00e4rlden? <\/li>\n<\/ul>\n<\/div>\n<\/div>\n\n\n\n<div class=\"wp-block-columns is-layout-flex wp-container-core-columns-is-layout-9d6595d7 wp-block-columns-is-layout-flex\">\n<div class=\"wp-block-column is-layout-flow wp-block-column-is-layout-flow\">\n<p>Kyrkans historia \u00e4r i n\u00e4ra dialog med nutiden, den \u00e4r inte bara en \u00e5terber\u00e4ttelse av det f\u00f6rflutna. F\u00f6r att f\u00f6rst\u00e5 ortodoxins nutid och hur kyrkan fungerar beh\u00f6ver vi k\u00e4nna till bakgrunden till saker och kyrkans undervisning. M\u00e5nga saker som verkar obegripliga f\u00e5r sina f\u00f6rklaringar och \u00f6ppnar sig n\u00e4r vi k\u00e4nner historien. <\/p>\n\n\n\n<p>Kyrkohistoria kan studeras vid universitetet som en del av studierna i ortodox teologi. Kyrkans historia undervisas ocks\u00e5 i grund- och gymnasieskolan som en del av religionsundervisningen. M\u00e5nga praktiserar kyrkohistoria och l\u00e4ser till exempel l\u00e4ror och skrifter fr\u00e5n m\u00e4nniskor som har p\u00e5verkat i kyrkan. M\u00e4nniskan med sina problem och fr\u00e5gor har f\u00f6rblivit f\u00f6rv\u00e5nansv\u00e4rt of\u00f6r\u00e4ndrad, \u00e4ven n\u00e4r \u00e5rhundradena f\u00f6r\u00e4ndras. Dagens person kan hitta svaret i en undervisning som \u00e4r mer \u00e4n tusen \u00e5r gammal. &nbsp;<\/p>\n\n\n\n<p>Som inneh\u00e5llet i kyrkohistorien i Ortodoksistos f\u00f6rsta fas kommer vi att diskutera den finsk-ortodoxa kyrkan i nuet, som en del av det finska samh\u00e4llet.<\/p>\n\n\n\n<p><\/p>\n<\/div>\n\n\n\n<div class=\"wp-block-column is-layout-flow wp-block-column-is-layout-flow\">\n<figure class=\"wp-block-image size-full\"><img decoding=\"async\" width=\"500\" height=\"662\" src=\"https:\/\/ortodoksisto.fi\/wp-content\/uploads\/2021\/11\/Pt-Kyrillos-ja-Methodios.jpg\" alt=\"\" class=\"wp-image-1976\" srcset=\"https:\/\/ortodoksisto.fi\/wp-content\/uploads\/2021\/11\/Pt-Kyrillos-ja-Methodios.jpg 500w, https:\/\/ortodoksisto.fi\/wp-content\/uploads\/2021\/11\/Pt-Kyrillos-ja-Methodios-227x300.jpg 227w\" sizes=\"(max-width: 500px) 100vw, 500px\" \/><figcaption class=\"wp-element-caption\">Heliga apostlalika Kyrillos och Metodios<\/figcaption><\/figure>\n<\/div>\n<\/div>\n<p>Visningar: 124<\/p>","protected":false},"excerpt":{"rendered":"<p>Kyrkans historia Kyrkohistoria handlar om kristendomens och kyrkans historia och nutid. P\u00e5 den h\u00e4r webbplatsen ses saker ur ortodox synvinkel. &nbsp; Vi s\u00f6ker svar p\u00e5 fr\u00e5gor: &nbsp; Kyrkans historia \u00e4r&#8230;<\/p>\n","protected":false},"author":2,"featured_media":1977,"parent":0,"menu_order":0,"comment_status":"closed","ping_status":"closed","template":"","meta":{"inline_featured_image":false,"_kad_blocks_custom_css":"","_kad_blocks_head_custom_js":"","_kad_blocks_body_custom_js":"","_kad_blocks_footer_custom_js":"","_kadence_starter_templates_imported_post":false,"_kad_post_transparent":"","_kad_post_title":"","_kad_post_layout":"","_kad_post_sidebar_id":"","_kad_post_content_style":"","_kad_post_vertical_padding":"","_kad_post_feature":"","_kad_post_feature_position":"","_kad_post_header":false,"_kad_post_footer":false,"_kad_post_classname":"","footnotes":"","_links_to":"","_links_to_target":""},"categories":[39],"class_list":["post-121","page","type-page","status-publish","has-post-thumbnail","hentry","category-i-skolan"],"taxonomy_info":{"category":[{"value":39,"label":"I skolan"}]},"featured_image_src_large":["https:\/\/ortodoksisto.fi\/wp-content\/uploads\/2021\/11\/Pt-Kyrillos-ja-Methodios.jpg",500,662,false],"author_info":{"display_name":"Katja Lampela","author_link":"https:\/\/ortodoksisto.fi\/sv\/author\/katjalampela\/"},"comment_info":0,"_links":{"self":[{"href":"https:\/\/ortodoksisto.fi\/sv\/wp-json\/wp\/v2\/pages\/121","targetHints":{"allow":["GET"]}}],"collection":[{"href":"https:\/\/ortodoksisto.fi\/sv\/wp-json\/wp\/v2\/pages"}],"about":[{"href":"https:\/\/ortodoksisto.fi\/sv\/wp-json\/wp\/v2\/types\/page"}],"author":[{"embeddable":true,"href":"https:\/\/ortodoksisto.fi\/sv\/wp-json\/wp\/v2\/users\/2"}],"replies":[{"embeddable":true,"href":"https:\/\/ortodoksisto.fi\/sv\/wp-json\/wp\/v2\/comments?post=121"}],"version-history":[{"count":4,"href":"https:\/\/ortodoksisto.fi\/sv\/wp-json\/wp\/v2\/pages\/121\/revisions"}],"predecessor-version":[{"id":6959,"href":"https:\/\/ortodoksisto.fi\/sv\/wp-json\/wp\/v2\/pages\/121\/revisions\/6959"}],"wp:featuredmedia":[{"embeddable":true,"href":"https:\/\/ortodoksisto.fi\/sv\/wp-json\/wp\/v2\/media\/1977"}],"wp:attachment":[{"href":"https:\/\/ortodoksisto.fi\/sv\/wp-json\/wp\/v2\/media?parent=121"}],"wp:term":[{"taxonomy":"category","embeddable":true,"href":"https:\/\/ortodoksisto.fi\/sv\/wp-json\/wp\/v2\/categories?post=121"}],"curies":[{"name":"wp","href":"https:\/\/api.w.org\/{rel}","templated":true}]}}