{"id":4097,"date":"2021-10-05T05:08:00","date_gmt":"2021-10-05T02:08:01","guid":{"rendered":"https:\/\/ortodoksisto.fi\/nimenanto\/"},"modified":"2021-11-22T22:40:08","modified_gmt":"2021-11-22T20:40:08","slug":"nimenanto","status":"publish","type":"page","link":"https:\/\/ortodoksisto.fi\/sv\/nimenanto\/","title":{"rendered":"Namngivning"},"content":{"rendered":"\n<h3 class=\"wp-block-heading\">Namngivning och b\u00f6ner som h\u00e4nf\u00f6r sig till ett barns f\u00f6delse<\/h3>\n\n\n\n<p><strong>Lapsen syntym\u00e4 on ilon aihe paitsi perheelle, my\u00f6s koko kirkolle, jonka j\u00e4seneksi lapsi <a rel=\"noreferrer noopener\" href=\"https:\/\/ortodoksisto.fi\/kotona-kasvamassa\/uusi-perheenjasen\/kaste\/\" data-type=\"URL\" data-id=\"https:\/\/ortodoksisto.fi\/kotona-kasvamassa\/uusi-perheenjasen\/kaste\/\" target=\"_blank\">kasteessa<\/a> liitet\u00e4\u00e4n.<\/strong> <strong>Kirkon perinteess\u00e4 on eri aikoina ollut kaikenlaisiin perhetilanteisiin liittyvi\u00e4 rukouksia. Lapsen syntym\u00e4\u00e4n liittyvi\u00e4 rukouksia on nykyisell\u00e4\u00e4n k\u00e4yt\u00f6ss\u00e4 kolmeen eri vaiheeseen: rukoukset lapsivuoteessa olevan \u00e4idin puolesta, nimenantorukoukset lapsen ollessa kahdeksan p\u00e4iv\u00e4n ik\u00e4inen sek\u00e4 \u00e4idin ja lapsen kirkottaminen nelj\u00e4nten\u00e4kymmenenten\u00e4 p\u00e4iv\u00e4n\u00e4 syntym\u00e4st\u00e4.<\/strong><\/p>\n\n\n\n<div class=\"wp-block-columns is-layout-flex wp-container-core-columns-is-layout-9d6595d7 wp-block-columns-is-layout-flex\">\n<div class=\"wp-block-column is-layout-flow wp-block-column-is-layout-flow\">\n<div class=\"wp-block-group\"><div class=\"wp-block-group__inner-container is-layout-flow wp-block-group-is-layout-flow\"><style>.wp-block-kadence-advancedheading.kt-adv-heading_0ced7f-97, .wp-block-kadence-advancedheading.kt-adv-heading_0ced7f-97[data-kb-block=\"kb-adv-heading_0ced7f-97\"]{font-style:normal;}.wp-block-kadence-advancedheading.kt-adv-heading_0ced7f-97 mark.kt-highlight, .wp-block-kadence-advancedheading.kt-adv-heading_0ced7f-97[data-kb-block=\"kb-adv-heading_0ced7f-97\"] mark.kt-highlight{font-style:normal;color:#f76a0c;-webkit-box-decoration-break:clone;box-decoration-break:clone;padding-top:0px;padding-right:0px;padding-bottom:0px;padding-left:0px;}.wp-block-kadence-advancedheading.kt-adv-heading_0ced7f-97 img.kb-inline-image, .wp-block-kadence-advancedheading.kt-adv-heading_0ced7f-97[data-kb-block=\"kb-adv-heading_0ced7f-97\"] img.kb-inline-image{width:150px;vertical-align:baseline;}<\/style>\n<h3 class=\"kt-adv-heading_0ced7f-97 wp-block-kadence-advancedheading\" data-kb-block=\"kb-adv-heading_0ced7f-97\">Nimenantorukoukset <\/h3>\n\n\n\n<p>Nimenantorukoukset kahdeksantena p\u00e4iv\u00e4n\u00e4 perustuvat vanhaan juutalaiseen k\u00e4yt\u00e4nt\u00f6\u00f6n. Kristus ymp\u00e4rileikattiin kahdeksantena p\u00e4iv\u00e4n\u00e4. <\/p>\n\n\n\n<p>Vanhemmat valitsevat lapselleen nimen, ja papin voi pyyt\u00e4\u00e4 lukemaan nimenantorukoukset kotiin tai sairaalaan tai jos \u00e4iti ja lapsi ovat jo liikkeell\u00e4 ja hyviss\u00e4 voimissa, rukoukset voi sopia luettavaksi kirkossakin.<\/p>\n\n\n\n<p>Nimi on ihmisen persoonan \u201dotsikko\u201d, jolla Jumala puhuttelee ja tuntee meid\u00e4t. Siksi lapsi nimet\u00e4\u00e4n pian syntym\u00e4n j\u00e4lkeen. Nimi liitt\u00e4\u00e4 jokaisen meist\u00e4 taivaalliseen esirukoilijaan, omaan pyh\u00e4\u00e4n ihmiseen, jonka esirukouksiin voi el\u00e4m\u00e4n matkan varrella turvata. <\/p>\n\n\n\n<p>Suomalainen nimiperinne on edelleen pitk\u00e4lti kristillist\u00e4, joten usein oman nimen ja oman pyh\u00e4n v\u00e4lille ei synny ristiriitaa. Nimilaki kuitenkin m\u00e4\u00e4rittelee, millaisia nimi\u00e4 lapselle voi rekister\u00f6id\u00e4. Papin kanssa on hyv\u00e4 olla yhteydess\u00e4 nime\u00e4 valitessa. H\u00e4n osaa opastaa asiassa my\u00f6s rekisteriviranomaisen n\u00e4k\u00f6kulmasta. H\u00e4n on my\u00f6s asiantuntija, joka voi auttaa taivaallisen esirukoilijan valinnassa vanhempien valitseman nimen perusteella. <\/p>\n\n\n\n<p>Ortodoksisen perinteen mukaan nimi\u00e4 annetaan yksi, mutta nyky\u00e4\u00e4n nimilaki mahdollistaa nelj\u00e4nkin nimen rekister\u00f6imisen lapselle.<\/p>\n<\/div><\/div>\n<\/div>\n\n\n\n<div class=\"wp-block-column is-layout-flow wp-block-column-is-layout-flow\">\n<div style=\"height:100px\" aria-hidden=\"true\" class=\"wp-block-spacer\"><\/div>\n\n\n\n<figure class=\"wp-block-image size-large is-resized\"><img decoding=\"async\" src=\"https:\/\/ortodoksisto.fi\/wp-content\/uploads\/2021\/11\/IMG_0432-scaled-e1637423124356.jpg\" alt=\"\" class=\"wp-image-2356\" width=\"544\" height=\"448\" \/><figcaption>Kristuksen temppeliintuominen, ikoni Riisa<\/figcaption><\/figure>\n\n\n\n<div style=\"height:66px\" aria-hidden=\"true\" class=\"wp-block-spacer\"><\/div>\n\n\n\n<div class=\"wp-block-image\"><figure class=\"aligncenter size-full\"><img decoding=\"async\" width=\"144\" height=\"144\" src=\"https:\/\/ortodoksisto.fi\/wp-content\/uploads\/2021\/11\/kuvake-erotintumma.png\" alt=\"\" class=\"wp-image-1381\" \/><\/figure><\/div>\n<\/div>\n<\/div>\n\n\n\n<div class=\"wp-block-columns is-layout-flex wp-container-core-columns-is-layout-9d6595d7 wp-block-columns-is-layout-flex\">\n<div class=\"wp-block-column is-layout-flow wp-block-column-is-layout-flow\">\n<h3 class=\"wp-block-heading\">Kirkottaminen <\/h3>\n\n\n\n<p>Kirkottaminen seuraa vanhaa juutalaista perinnett\u00e4. Maria ja Joosef toivat juutalaisen lain mukaisen uhrin Jerusalemin temppeliin Jeesuksen ollessa 40 p\u00e4iv\u00e4n ik\u00e4inen. <br><\/p>\n\n\n\n<p>Kirkottamisella on \u00e4idin osalta rituaaliseen puhtauteen liittyv\u00e4 taustansa, mutta toisaalta lapsivuodeaika on my\u00f6s levon aikaa. Synnytys ja sen j\u00e4lkeinen el\u00e4m\u00e4 eiv\u00e4t ole l\u00e4pihuutojuttuja nyky\u00e4\u00e4nk\u00e4\u00e4n, joten Kirkko ik\u00e4\u00e4n kuin antaa \u00e4idille ja lapselle mahdollisuuden lev\u00e4t\u00e4 ennen paluuta yhteis\u00f6n keskelle jumalanpalveluksiin. Kun tuo aika on kulunut, \u00e4iti palaa Kirkon yhteyteen rukousten saattelemana ja lapsi esitell\u00e4\u00e4n koko kansalle. <\/p>\n\n\n\n<p>Rukoukset alkavat kirkon ovelta, ja pappi ottaa lapsen syliins\u00e4 kuljettaen h\u00e4net koko kirkon l\u00e4pi aina alttarin pyh\u00e4lle portille asti. Usein kirkottaminen toimitetaan vasta lapsen kasteen j\u00e4lkeen. Silloin lapsi voi osallistua Pyh\u00e4st\u00e4 Ehtoollisesta yhdess\u00e4 muun seurakunnan kanssa.&nbsp;<br><br>Kaikista n\u00e4ist\u00e4 toimituksista voi sopia oman seurakunnan papin kanssa. Helpointa se on, jos pappi on jo entuudestaan tuttu, mutta seurakunnasta osataan opastaa n\u00e4ist\u00e4 aiheista enemm\u00e4n ja sopia juuri perheen tilanteeseen sopivat ratkaisut. Kaikkiin mieleen nouseviin kysymyksiin vastaus on: Ole rohkeasti yhteydess\u00e4 omaan seurakuntaan!<br><br>(i Teemu Toivonen)<\/p>\n<\/div>\n\n\n\n<div class=\"wp-block-column is-vertically-aligned-center is-layout-flow wp-block-column-is-layout-flow\">\n<div class=\"wp-block-image\"><figure class=\"aligncenter size-large is-resized\"><img decoding=\"async\" src=\"https:\/\/ortodoksisto.fi\/wp-content\/uploads\/2021\/11\/IMG_7228-768x1024.jpg\" alt=\"\" class=\"wp-image-2362\" width=\"392\" height=\"522\" srcset=\"https:\/\/ortodoksisto.fi\/wp-content\/uploads\/2021\/11\/IMG_7228-768x1024.jpg 768w, https:\/\/ortodoksisto.fi\/wp-content\/uploads\/2021\/11\/IMG_7228-225x300.jpg 225w, https:\/\/ortodoksisto.fi\/wp-content\/uploads\/2021\/11\/IMG_7228-1152x1536.jpg 1152w, https:\/\/ortodoksisto.fi\/wp-content\/uploads\/2021\/11\/IMG_7228-1536x2048.jpg 1536w, https:\/\/ortodoksisto.fi\/wp-content\/uploads\/2021\/11\/IMG_7228-scaled.jpg 1920w\" sizes=\"(max-width: 392px) 100vw, 392px\" \/><figcaption>Kirkottamisen j\u00e4lkeen, vauva odottaa vanhempia hakemaan, kuva Kaisa Nyk\u00e4nen<\/figcaption><\/figure><\/div>\n<\/div>\n<\/div>\n\n\n\n<p>T\u00e4ss\u00e4 videossa is\u00e4 Teemu toivonen kertoo lapsen nimenannosta ja lapsen syntym\u00e4\u00e4n liittyvist\u00e4 rukouksista. Videon on kuvannut Jaakko Toivonen. Videon kesto on n. 6 min.<\/p>\n\n\n\n<figure class=\"wp-block-embed is-type-video is-provider-youtube wp-block-embed-youtube wp-embed-aspect-16-9 wp-has-aspect-ratio\"><div class=\"wp-block-embed__wrapper\">\n<iframe title=\"Nimenanto ja lapsen syntym\u00e4\u00e4n liittyv\u00e4t rukouset\" width=\"720\" height=\"405\" src=\"https:\/\/www.youtube.com\/embed\/VK2OB7UaMA0?feature=oembed\" frameborder=\"0\" allow=\"accelerometer; autoplay; clipboard-write; encrypted-media; gyroscope; picture-in-picture\" allowfullscreen><\/iframe>\n<\/div><\/figure>\n\n\n\n<h3 class=\"wp-block-heading\"> Namngivning <\/h3>\n\n\n<style>#kt-layout-id_fbe698-e2 > .kt-row-column-wrap{align-content:start;}:where(#kt-layout-id_fbe698-e2 > .kt-row-column-wrap) > .wp-block-kadence-column{justify-content:start;}#kt-layout-id_fbe698-e2 > .kt-row-column-wrap{column-gap:var(--global-kb-gap-md, 2rem);row-gap:var(--global-kb-gap-md, 2rem);padding-top:var( --global-kb-row-default-top, 25px );padding-bottom:var( --global-kb-row-default-bottom, 25px );padding-bottom:0px;grid-template-columns:minmax(0, calc(55% - ((var(--global-kb-gap-md, 2rem) * 1 )\/2)))minmax(0, calc(45% - ((var(--global-kb-gap-md, 2rem) * 1 )\/2)));}#kt-layout-id_fbe698-e2 > .kt-row-layout-overlay{opacity:0.30;}@media all and (max-width: 1024px){#kt-layout-id_fbe698-e2 > .kt-row-column-wrap{grid-template-columns:minmax(0, 2fr) minmax(0, 1fr);}}@media all and (max-width: 767px){#kt-layout-id_fbe698-e2 > .kt-row-column-wrap{grid-template-columns:minmax(0, 1fr);}}<\/style>\n<div class=\"wp-block-kadence-rowlayout alignnone\"><div id=\"kt-layout-id_fbe698-e2\" class=\"kt-row-layout-inner kt-layout-id_fbe698-e2\"><div class=\"kt-row-column-wrap kt-has-2-columns kt-gutter-default kt-v-gutter-default kt-row-valign-top kt-row-layout-left-golden kt-tab-layout-inherit kt-m-colapse-left-to-right kt-mobile-layout-row  kt-custom-first-width-55  kt-custom-second-width-45\"><style>.kadence-column_a6e32d-b8 > .kt-inside-inner-col{border-top-width:0px;border-right-width:0px;border-bottom-width:0px;border-left-width:0px;}.kadence-column_a6e32d-b8 > .kt-inside-inner-col,.kadence-column_a6e32d-b8 > .kt-inside-inner-col:before{border-top-left-radius:0px;border-top-right-radius:0px;border-bottom-right-radius:0px;border-bottom-left-radius:0px;}.kadence-column_a6e32d-b8 > .kt-inside-inner-col{column-gap:var(--global-kb-gap-sm, 1rem);}.kadence-column_a6e32d-b8 > .kt-inside-inner-col{flex-direction:column;}.kadence-column_a6e32d-b8 > .kt-inside-inner-col > .aligncenter{width:100%;}.kadence-column_a6e32d-b8 > .kt-inside-inner-col:before{opacity:0.3;}.kadence-column_a6e32d-b8{position:relative;}@media all and (max-width: 1024px){.kadence-column_a6e32d-b8 > .kt-inside-inner-col{flex-direction:column;justify-content:center;}}@media all and (max-width: 767px){.kadence-column_a6e32d-b8 > .kt-inside-inner-col{flex-direction:column;justify-content:center;}}<\/style>\n<div class=\"wp-block-kadence-column inner-column-1 kadence-column_a6e32d-b8\"><div class=\"kt-inside-inner-col\">\n<p>I ortodoxa kyrkan kan man ge namn \u00e5t ett barn p\u00e5 den \u00e5ttonde dagen efter f\u00f6dseln. Man kan be en pr\u00e4st komma hem till den nyf\u00f6dda och l\u00e4sa namngivningsb\u00f6nerna. Det \u00e4r en vacker, liten tillst\u00e4llning inom familjen, och efter\u00e5t har barnet ett namn. Om man inte har f\u00f6rr\u00e4ttat namngivningen f\u00f6re dopet s\u00e5 b\u00f6rjar dopf\u00f6rr\u00e4ttningen med namngivningsb\u00f6nerna..<br><br>Enligt ortodox tradition ger man bara ett namn \u00e5t barnet, \u00e4ven om finl\u00e4ndsk lag till\u00e5ter fyra namn. Det finns m\u00e5nga traditioner kring namngivandet.\u00a0 Ett av namnen borde kunna h\u00e4rledas till n\u00e5got helgon. Finl\u00e4ndska f\u00f6rnamn baserar sig ofta p\u00e5 en kristen namngivningsprincip. N\u00e4r barnet f\u00e5r sitt namn enligt ett visst helgon, blir helgonet ifr\u00e5ga barnets himmelska f\u00f6rebedjare. Namnsdagen best\u00e4ms d\u00e5 enligt helgonets minnesdag. Den ortodoxa namnsdagskalendern f\u00f6ljer ett annat m\u00f6nster \u00e4n den nationella. Detta beror p\u00e5 att man utg\u00e5r fr\u00e5n helgonens minnesdagar.<br><br>Barnets namn kan t.ex. v\u00e4ljas s\u00e5 att namnsdagen ligger n\u00e4ra barnets f\u00f6delsedag, eller s\u00e5 kan man v\u00e4lja ett helgon som k\u00e4nns betydelsefullt f\u00f6r familjen. Den ortodoxa namnsdagskalendern finns p\u00e5 n\u00e4tet.<\/p>\n\n\n\n<p>Namnregister p\u00e5 fiska finns i Synaxarion (en samling hagiografier) : <a href=\"https:\/\/ort.fi\/synaksarionin-nimihakemisto\">https:\/\/ort.fi\/synaksarionin-nimihakemisto<\/a><\/p>\n\n\n\n<p>Till\u00e4ggsinformation p\u00e5 finska, och listor \u00f6ver ortodoxa namn ja my\u00f6s ortodoksisten nimien listoja: <a href=\"https:\/\/www.ortodoksi.net\/index.php\/Nimi_ja_siihen_liittyv%C3%A4_pyh%C3%A4n_muistop%C3%A4iv%C3%A4\">https:\/\/www.ortodoksi.net\/index.php\/Nimi_ja_siihen_liittyv\u00e4_pyh\u00e4n_muistop\u00e4iv\u00e4<\/a><\/p>\n\n\n\n<p>Se \u00e4ven: <a href=\"https:\/\/www.ortodoksi.net\/index.php\/Ortodoksinen_kalenteri\">https:\/\/www.ortodoksi.net\/index.php\/Ortodoksinen_kalenteri<\/a><\/p>\n\n\n\n<p>Lag om f\u00f6r- och efternamn: <a href=\"https:\/\/www.finlex.fi\/sv\/laki\/ajantasa\/2017\/20170946\">https:\/\/www.finlex.fi\/sv\/laki\/ajantasa\/2017\/20170946<\/a> Ehk\u00e4 t\u00e4ss\u00e4 olisi kuitenkin j\u00e4rkev\u00e4\u00e4 t\u00e4\u00e4 suora linkki? Tai sitten<\/p>\n\n\n\n<p><a href=\"https:\/\/www.finlex.fi\/fi\/laki\/ajantasa\/2017\/20170946\">https:\/\/www.finlex.fi\/fi\/laki\/ajantasa\/2017\/20170946<\/a> v\u00e4lj \u201dDokumentin versiot, P\u00e5 svenska\u201d.<\/p>\n\n\n\n<p><br><br><\/p>\n\n\n\n<div class=\"wp-block-group tehtava\"><div class=\"wp-block-group__inner-container is-layout-flow wp-block-group-is-layout-flow\">\n<h3 class=\"wp-block-heading\">Namngivningsf\u00f6rr\u00e4ttningen<\/h3>\n\n\n\n<p><\/p>\n\n\n\n<ul class=\"wp-block-list\"><li>pr\u00e4sten l\u00e4ser de inledande b\u00f6nerna<\/li><li>man sjunger dagens troparion dvs s\u00e5ng enligt dagens tema<\/li><li>pr\u00e4sten v\u00e4lsignar barnet genom att vidr\u00f6ra pannan, munnen och br\u00f6stet, och barnets namn n\u00e4mns i b\u00f6nen<\/li><li>pr\u00e4sten tar barnet i sin famn och lyfter upp det framf\u00f6r ikonen under b\u00f6n<\/li><li>slutv\u00e4lsignelse<\/li><\/ul>\n<\/div><\/div>\n\n\n\n<p>F\u00f6rr\u00e4ttningen tar ca 10 min. Man beh\u00f6ver inte f\u00f6rbereda n\u00e5gonting i hemmet inf\u00f6r pr\u00e4stens bes\u00f6k och f\u00f6rr\u00e4ttningen. Namngivningsb\u00f6nerna kan ocks\u00e5 l\u00e4sas i kyrkan. Det viktigaste \u00e4r gemensam b\u00f6n.<\/p>\n\n\n\n<p>Namngivningsf\u00f6rr\u00e4ttningen i\u00a0 Euhologion (pr\u00e4stens handbok), inneh\u00e5ller f\u00f6ljande b\u00f6ner:<\/p>\n\n\n\n<p> p\u00e5 finska <a href=\"https:\/\/www.ortodoksi.net\/index.php\/Lapselle_kahdeksantena_p%C3%A4iv%C3%A4n%C3%A4_nime%C3%A4_annettaessa\">https:\/\/www.ortodoksi.net\/index.php\/Lapselle_kahdeksantena_p%C3%A4iv%C3%A4n%C3%A4_nime%C3%A4_annettaessa<\/a><\/p>\n\n\n\n<p>(i Teemu Toivonen, Eija Honkaselk\u00e4, Kaisa Nyk\u00e4nen, Charlotta Buchert)<\/p>\n<\/div><\/div>\n\n\n<style>.kadence-column_074378-1e > .kt-inside-inner-col{border-top-width:0px;border-right-width:0px;border-bottom-width:0px;border-left-width:0px;}.kadence-column_074378-1e > .kt-inside-inner-col,.kadence-column_074378-1e > .kt-inside-inner-col:before{border-top-left-radius:0px;border-top-right-radius:0px;border-bottom-right-radius:0px;border-bottom-left-radius:0px;}.kadence-column_074378-1e > .kt-inside-inner-col{column-gap:var(--global-kb-gap-sm, 1rem);}.kadence-column_074378-1e > .kt-inside-inner-col{flex-direction:column;}.kadence-column_074378-1e > .kt-inside-inner-col > .aligncenter{width:100%;}.kadence-column_074378-1e > .kt-inside-inner-col:before{opacity:0.3;}.kadence-column_074378-1e{position:relative;}@media all and (max-width: 1024px){.kadence-column_074378-1e > .kt-inside-inner-col{flex-direction:column;justify-content:center;}}@media all and (max-width: 767px){.kadence-column_074378-1e > .kt-inside-inner-col{flex-direction:column;justify-content:center;}}<\/style>\n<div class=\"wp-block-kadence-column inner-column-2 kadence-column_074378-1e\"><div class=\"kt-inside-inner-col\">\n<div class=\"wp-block-image\"><figure class=\"aligncenter size-full is-resized\"><img decoding=\"async\" src=\"https:\/\/ortodoksisto.fi\/wp-content\/uploads\/2021\/11\/Word-Art.jpeg\" alt=\"\" class=\"wp-image-2364\" width=\"425\" height=\"369\" srcset=\"https:\/\/ortodoksisto.fi\/wp-content\/uploads\/2021\/11\/Word-Art.jpeg 758w, https:\/\/ortodoksisto.fi\/wp-content\/uploads\/2021\/11\/Word-Art-300x261.jpeg 300w\" sizes=\"(max-width: 425px) 100vw, 425px\" \/><figcaption>Sanapilvi suosituista ortodoksisista nimist\u00e4, kuva kaisa Nyk\u00e4nen<\/figcaption><\/figure><\/div>\n\n\n\n<div style=\"height:94px\" aria-hidden=\"true\" class=\"wp-block-spacer\"><\/div>\n\n\n\n<div style=\"height:421px\" aria-hidden=\"true\" class=\"wp-block-spacer\"><\/div>\n\n\n\n<div class=\"wp-block-image\"><figure class=\"aligncenter size-large is-resized\"><img decoding=\"async\" src=\"https:\/\/ortodoksisto.fi\/wp-content\/uploads\/2021\/11\/IMG_7222-843x1024.jpg\" alt=\"\" class=\"wp-image-2360\" width=\"320\" height=\"388\" srcset=\"https:\/\/ortodoksisto.fi\/wp-content\/uploads\/2021\/11\/IMG_7222-843x1024.jpg 843w, https:\/\/ortodoksisto.fi\/wp-content\/uploads\/2021\/11\/IMG_7222-247x300.jpg 247w, https:\/\/ortodoksisto.fi\/wp-content\/uploads\/2021\/11\/IMG_7222-768x932.jpg 768w, https:\/\/ortodoksisto.fi\/wp-content\/uploads\/2021\/11\/IMG_7222-1265x1536.jpg 1265w, https:\/\/ortodoksisto.fi\/wp-content\/uploads\/2021\/11\/IMG_7222-1687x2048.jpg 1687w\" sizes=\"(max-width: 320px) 100vw, 320px\" \/><figcaption>Nimenantorukoukset kotona, kuva Kaisa Nyk\u00e4nen<\/figcaption><\/figure><\/div>\n<\/div><\/div>\n<\/div><\/div><\/div>\n\n\n\n<div class=\"wp-block-group\"><div class=\"wp-block-group__inner-container is-layout-flow wp-block-group-is-layout-flow\"><style>.wp-block-kadence-advancedheading.kt-adv-heading_bb38df-d1, .wp-block-kadence-advancedheading.kt-adv-heading_bb38df-d1[data-kb-block=\"kb-adv-heading_bb38df-d1\"]{text-align:left;font-style:normal;}.wp-block-kadence-advancedheading.kt-adv-heading_bb38df-d1 mark.kt-highlight, .wp-block-kadence-advancedheading.kt-adv-heading_bb38df-d1[data-kb-block=\"kb-adv-heading_bb38df-d1\"] mark.kt-highlight{font-style:normal;color:#f76a0c;-webkit-box-decoration-break:clone;box-decoration-break:clone;padding-top:0px;padding-right:0px;padding-bottom:0px;padding-left:0px;}.wp-block-kadence-advancedheading.kt-adv-heading_bb38df-d1 img.kb-inline-image, .wp-block-kadence-advancedheading.kt-adv-heading_bb38df-d1[data-kb-block=\"kb-adv-heading_bb38df-d1\"] img.kb-inline-image{width:150px;vertical-align:baseline;}<\/style>\n<h3 class=\"kt-adv-heading_bb38df-d1 wp-block-kadence-advancedheading\" data-kb-block=\"kb-adv-heading_bb38df-d1\">Lis\u00e4materiaalia<\/h3>\n\n\n\n<p class=\"has-text-align-left\">Synaksarionin (kokoelma pyhien el\u00e4m\u00e4kertoja) <a rel=\"noreferrer noopener\" href=\"https:\/\/ort.fi\/synaksarionin-nimihakemisto\" data-type=\"URL\" data-id=\"https:\/\/ort.fi\/synaksarionin-nimihakemisto\" target=\"_blank\">nimihakemisto<\/a><br><a href=\"https:\/\/www.ortodoksi.net\/index.php\/Nimi_ja_siihen_liittyv\u00e4_pyh\u00e4n_muistop\u00e4iv\u00e4\" data-type=\"URL\" data-id=\"https:\/\/www.ortodoksi.net\/index.php\/Nimi_ja_siihen_liittyv\u00e4_pyh\u00e4n_muistop\u00e4iv\u00e4\" target=\"_blank\" rel=\"noreferrer noopener\">Lis\u00e4tietoja ja my\u00f6s ortodoksisten nimien listoja<\/a><br>Katso my\u00f6s <a rel=\"noreferrer noopener\" href=\"https:\/\/www.ortodoksi.net\/index.php\/Ortodoksinen_kalenteri\" data-type=\"URL\" data-id=\"https:\/\/www.ortodoksi.net\/index.php\/Ortodoksinen_kalenteri\" target=\"_blank\">Ortodoksi.net ja ortodoksinen kalenteri<\/a> <br><a rel=\"noreferrer noopener\" href=\"https:\/\/www.finlex.fi\/fi\/laki\/ajantasa\/2017\/20170946\" data-type=\"URL\" data-id=\"https:\/\/www.finlex.fi\/fi\/laki\/ajantasa\/2017\/20170946\" target=\"_blank\">Etu- ja sukunimilaki<\/a>, Suomen lains\u00e4\u00e4d\u00e4nt\u00f6.<br><a rel=\"noreferrer noopener\" href=\"https:\/\/ortodoksisto.fi\/kotona-kasvamassa\/uusi-perheenjasen\/kaste\/\" data-type=\"URL\" data-id=\"https:\/\/ortodoksisto.fi\/kotona-kasvamassa\/uusi-perheenjasen\/kaste\/\" target=\"_blank\">Kastetoimitus<\/a> Ortodoksisto.fi-sivusto<\/p>\n<\/div><\/div>\n<p>Visningar: 82<\/p>","protected":false},"excerpt":{"rendered":"<p>Namngivning och b\u00f6ner som h\u00e4nf\u00f6r sig till ett barns f\u00f6delse Lapsen syntym\u00e4 on ilon aihe paitsi perheelle, my\u00f6s koko kirkolle, jonka j\u00e4seneksi lapsi kasteessa liitet\u00e4\u00e4n. Kirkon perinteess\u00e4 on eri aikoina&#8230;<\/p>\n","protected":false},"author":11,"featured_media":2364,"parent":0,"menu_order":0,"comment_status":"closed","ping_status":"closed","template":"","meta":{"inline_featured_image":false,"_kad_blocks_custom_css":"","_kad_blocks_head_custom_js":"","_kad_blocks_body_custom_js":"","_kad_blocks_footer_custom_js":"","_kadence_starter_templates_imported_post":false,"_kad_post_transparent":"","_kad_post_title":"","_kad_post_layout":"","_kad_post_sidebar_id":"","_kad_post_content_style":"","_kad_post_vertical_padding":"","_kad_post_feature":"","_kad_post_feature_position":"","_kad_post_header":false,"_kad_post_footer":false,"_kad_post_classname":"","footnotes":"","_links_to":"","_links_to_target":""},"categories":[27],"class_list":["post-4097","page","type-page","status-publish","has-post-thumbnail","hentry","category-att-vaxa-hemma"],"taxonomy_info":{"category":[{"value":27,"label":"Att v\u00e4xa hemma"}]},"featured_image_src_large":["https:\/\/ortodoksisto.fi\/wp-content\/uploads\/2021\/11\/Word-Art.jpeg",758,659,false],"author_info":{"display_name":"Kaisa Nyk\u00e4nen","author_link":"https:\/\/ortodoksisto.fi\/sv\/author\/kaisanykanen\/"},"comment_info":0,"_links":{"self":[{"href":"https:\/\/ortodoksisto.fi\/sv\/wp-json\/wp\/v2\/pages\/4097","targetHints":{"allow":["GET"]}}],"collection":[{"href":"https:\/\/ortodoksisto.fi\/sv\/wp-json\/wp\/v2\/pages"}],"about":[{"href":"https:\/\/ortodoksisto.fi\/sv\/wp-json\/wp\/v2\/types\/page"}],"author":[{"embeddable":true,"href":"https:\/\/ortodoksisto.fi\/sv\/wp-json\/wp\/v2\/users\/11"}],"replies":[{"embeddable":true,"href":"https:\/\/ortodoksisto.fi\/sv\/wp-json\/wp\/v2\/comments?post=4097"}],"version-history":[{"count":5,"href":"https:\/\/ortodoksisto.fi\/sv\/wp-json\/wp\/v2\/pages\/4097\/revisions"}],"predecessor-version":[{"id":4153,"href":"https:\/\/ortodoksisto.fi\/sv\/wp-json\/wp\/v2\/pages\/4097\/revisions\/4153"}],"wp:featuredmedia":[{"embeddable":true,"href":"https:\/\/ortodoksisto.fi\/sv\/wp-json\/wp\/v2\/media\/2364"}],"wp:attachment":[{"href":"https:\/\/ortodoksisto.fi\/sv\/wp-json\/wp\/v2\/media?parent=4097"}],"wp:term":[{"taxonomy":"category","embeddable":true,"href":"https:\/\/ortodoksisto.fi\/sv\/wp-json\/wp\/v2\/categories?post=4097"}],"curies":[{"name":"wp","href":"https:\/\/api.w.org\/{rel}","templated":true}]}}